{"id":26,"date":"2021-04-09T12:28:44","date_gmt":"2021-04-09T15:28:44","guid":{"rendered":"http:\/\/localhost\/dermatovirtual\/?page_id=26"},"modified":"2021-10-05T12:28:35","modified_gmt":"2021-10-05T15:28:35","slug":"politica-cookies","status":"publish","type":"page","link":"https:\/\/dermatovirtual.com.br\/site\/politica-cookies\/","title":{"rendered":"Pol\u00edtica de cookies"},"content":{"rendered":"\t\t<div data-elementor-type=\"wp-page\" data-elementor-id=\"26\" class=\"elementor elementor-26\">\n\t\t\t\t\t\t<section class=\"elementor-section elementor-top-section elementor-element elementor-element-732e7b15 elementor-section-boxed elementor-section-height-default elementor-section-height-default\" data-id=\"732e7b15\" data-element_type=\"section\">\n\t\t\t\t\t\t<div class=\"elementor-container elementor-column-gap-default\">\n\t\t\t\t\t<div class=\"aux-parallax-section elementor-column elementor-col-100 elementor-top-column elementor-element elementor-element-237974e0\" data-id=\"237974e0\" data-element_type=\"column\">\n\t\t\t<div class=\"elementor-widget-wrap elementor-element-populated\">\n\t\t\t\t\t\t<div class=\"elementor-element elementor-element-1bc64f74 elementor-widget elementor-widget-heading\" data-id=\"1bc64f74\" data-element_type=\"widget\" data-widget_type=\"heading.default\">\n\t\t\t\t<div class=\"elementor-widget-container\">\n\t\t\t\t\t<h1 class=\"elementor-heading-title elementor-size-default\">Pol\u00edtica de cookies<\/h1>\t\t\t\t<\/div>\n\t\t\t\t<\/div>\n\t\t\t\t\t<\/div>\n\t\t<\/div>\n\t\t\t\t\t<\/div>\n\t\t<\/section>\n\t\t\t\t<section class=\"elementor-section elementor-top-section elementor-element elementor-element-7a0dc057 elementor-section-boxed elementor-section-height-default elementor-section-height-default\" data-id=\"7a0dc057\" data-element_type=\"section\">\n\t\t\t\t\t\t<div class=\"elementor-container elementor-column-gap-default\">\n\t\t\t\t\t<div class=\"aux-parallax-section elementor-column elementor-col-100 elementor-top-column elementor-element elementor-element-6eeee654\" data-id=\"6eeee654\" data-element_type=\"column\">\n\t\t\t<div class=\"elementor-widget-wrap elementor-element-populated\">\n\t\t\t\t\t\t<div class=\"elementor-element elementor-element-2b66d0d6 elementor-widget elementor-widget-text-editor\" data-id=\"2b66d0d6\" data-element_type=\"widget\" data-widget_type=\"text-editor.default\">\n\t\t\t\t<div class=\"elementor-widget-container\">\n\t\t\t\t\t\t\t\t\t<p>A <strong>DERMATOVIRTUAL MEDICINA E TECNOLOGIA LTDA (\u201cDermato Virtual\u201d)<\/strong> atuando como Desenvolvedora da Plataforma, que abrange o site <a href=\"https:\/\/dermatovirtual.com.br\">www.dermatovirtual.com.br<\/a> e o aplicativo <strong>Dermato Virtual<\/strong>, utiliza cookies para oferecer melhor experi\u00eancia, melhoramento do desempenho, an\u00e1lise de<br \/>intera\u00e7\u00e3o do usu\u00e1rio com nosso site e personaliza\u00e7\u00e3o de conte\u00fado. Ao utilizar este site, voc\u00ea concorda com o uso de cookies.<\/p><p><strong>I. O que s\u00e3o cookies<\/strong><\/p><p>Os Cookies s\u00e3o pequenos arquivos de textos armazenados em seu computador ou dispositivos m\u00f3veis, criados pelos websites que voc\u00ea visita e que s\u00e3o salvos no seu navegador de Internet. Esses arquivos cont\u00eam informa\u00e7\u00f5es que servem para identificar que \u00e9 voc\u00ea que est\u00e1 navegando pelos sites que voc\u00ea visita.<\/p><p>Normalmente, n\u00e3o ocupam espa\u00e7os e servem para melhorar a experi\u00eancia e o desempenho de navega\u00e7\u00e3o. O cookie permite que o website \u201clembre\u201d suas a\u00e7\u00f5es ou prefer\u00eancias ao longo do tempo.<\/p><p style=\"padding-left: 40px;\">a) Os cookies podem ser persistentes e\/ou de sess\u00e3o.<\/p><p style=\"padding-left: 40px;\">\u2022 Cookies Persistentes: Eles s\u00e3o formas de cookies que armazenam as suas prefer\u00eancias no website, como por exemplo: idioma utilizado, temas, \u00faltimas pesquisas, informa\u00e7\u00f5es preenchidas em formul\u00e1rios de cadastro, de forma que possam ser lembrados conforme a navega\u00e7\u00e3o do usu\u00e1rio.<\/p><p style=\"padding-left: 40px;\">\u2022 Cookies De Sess\u00e3o: Os cookies de sess\u00e3o n\u00e3o s\u00e3o armazenados e s\u00e3o exclu\u00eddos permanentemente assim que o visitante fecha a p\u00e1gina da Internet ou quando a navega\u00e7\u00e3o \u00e9 encerrada.<\/p><p><strong>II. Categorias e funcionalidade dos cookies<\/strong><\/p><p>Alguns cookies s\u00e3o necess\u00e1rios para o funcionamento t\u00e9cnico, permitindo o uso de servi\u00e7os e recursos que disponibilizamos no nosso website, como por exemplo: cookies de seguran\u00e7a como fator de autentica\u00e7\u00e3o dos usu\u00e1rios. S\u00e3o essenciais, pois sem eles o fornecimento de alguns servi\u00e7os \u00e9 prejudicado.<\/p><p>H\u00e1 tamb\u00e9m os cookies opcionais, que atuam para melhorar e customizar a experi\u00eancia de navega\u00e7\u00e3o, podendo estes serem aceitos ou n\u00e3o.<\/p><p>Estes cookies s\u00e3o utilizados para fornecer uma experi\u00eancia mais personalizada no nosso site e para lembrar as escolhas que voc\u00ea faz ao usar o nosso site.<\/p><p>Por exemplo, podemos usar cookies de funcionalidade para lembrar das suas prefer\u00eancias de idioma e\/ou os seus detalhes de login.<\/p><p>Os cookies estat\u00edsticos s\u00e3o utilizados para coletar informa\u00e7\u00f5es para an\u00e1lise de tr\u00e1fego em nosso site.<\/p><p>Por exemplo, estes cookies podem medir fatores como o tempo de perman\u00eancia no site ou nas p\u00e1ginas visitadas. Isto vai permitir entendermos como podemos prover uma experi\u00eancia mais agrad\u00e1vel aos usu\u00e1rios. As informa\u00e7\u00f5es coletadas por meio destes cookies de medi\u00e7\u00e3o e desempenho n\u00e3o identificam nenhum visitante individual.<\/p><p>H\u00e1 tamb\u00e9m os cookies de marketing, \u00e9 por meio deles que iremos realizar campanhas publicit\u00e1rias ou an\u00fancios com base nos seus h\u00e1bitos e comportamentos de navega\u00e7\u00e3o.<\/p><p>Se optar por remover ou desativar estes cookies, voc\u00ea ainda poder\u00e1 ver an\u00fancios ou campanhas publicit\u00e1rias, mas que eventualmente n\u00e3o ter\u00e3o relev\u00e2ncia ao seu perfil de navega\u00e7\u00e3o.<\/p><p><strong>III. Coleta de consentimento<\/strong><\/p><p>O nosso website possibilita ao usu\u00e1rio tanto o aceite ou decl\u00ednio, quanto as configura\u00e7\u00f5es dos cookies utilizados. Essas configura\u00e7\u00f5es podem ser geridas no pr\u00f3prio dispositivo ou navegador, sendo poss\u00edvel que os aplicativos e extens\u00f5es daquele o fa\u00e7am.<\/p><p>Disponibilizamos o consentimento do uso de cookies no Website para que voc\u00ea fa\u00e7a a escolha de forma livre, inequ\u00edvoca e transparente. A Dermato Virtual declara que se utilizar\u00e1 das configura\u00e7\u00f5es do dispositivo e do navegador para aplicar ou n\u00e3o essas disposi\u00e7\u00f5es a partir das suas prefer\u00eancias.<\/p><p>Voc\u00ea pode escolher rejeitar ou bloquear todos ou tipos espec\u00edficos de cookies configurados atrav\u00e9s da sua visita em nosso website, clicando na aba \u201cprefer\u00eancia de cookies\u201d.<\/p><p>\u00c9 importante ressaltar que que a maioria dos navegadores aceitam cookies de forma autom\u00e1tica, n\u00e3o nos responsabilizamos pelo aceite autom\u00e1tico feito pelo navegador ou dispositivo do usu\u00e1rio, portanto esteja atento \u00e0s configura\u00e7\u00f5es do seu pr\u00f3prio navegador ou dispositivo.<\/p><p>No caso de decl\u00ednio do uso de cookies, voc\u00ea poder\u00e1 visitar os nossos websites, mas algumas das fun\u00e7\u00f5es poder\u00e3o n\u00e3o funcionar corretamente.<\/p><p>Voc\u00ea tamb\u00e9m poder\u00e1 visitar <a href=\"http:\/\/www.allaboutcookies.org\">www.allaboutcookies.org<\/a> para mais detalhes sobre como apagar ou rejeitar cookies e para obter informa\u00e7\u00f5es adicionais sobre cookies em geral. Ao utilizar o nosso website sem apagar ou rejeitar alguns ou todos os cookies, voc\u00ea concorda que podemos posicionar aqueles cookies que voc\u00ea n\u00e3o apagou ou rejeitou nos seus dispositivos.<\/p><p>Para mais informa\u00e7\u00f5es, consulte a nossa Pol\u00edtica de privacidade.<\/p>\t\t\t\t\t\t\t\t<\/div>\n\t\t\t\t<\/div>\n\t\t\t\t\t<\/div>\n\t\t<\/div>\n\t\t\t\t\t<\/div>\n\t\t<\/section>\n\t\t\t\t<\/div>\n\t\t","protected":false},"excerpt":{"rendered":"<p>Pol\u00edtica de cookies A DERMATOVIRTUAL MEDICINA E TECNOLOGIA LTDA (\u201cDermato Virtual\u201d) atuando como Desenvolvedora da Plataforma, que abrange o site www.dermatovirtual.com.br e o aplicativo Dermato Virtual, utiliza cookies para oferecer melhor experi\u00eancia, melhoramento do desempenho, an\u00e1lise deintera\u00e7\u00e3o do usu\u00e1rio com nosso site e personaliza\u00e7\u00e3o de conte\u00fado. Ao utilizar este site, voc\u00ea concorda com o uso [&hellip;]<\/p>\n","protected":false},"author":1,"featured_media":0,"parent":0,"menu_order":0,"comment_status":"closed","ping_status":"closed","template":"","meta":{"inline_featured_image":false,"footnotes":""},"class_list":["post-26","page","type-page","status-publish","hentry"],"yoast_head":"<!-- This site is optimized with the Yoast SEO plugin v27.2 - https:\/\/yoast.com\/product\/yoast-seo-wordpress\/ -->\n<title>Pol\u00edtica de cookies - DermatoVirtual<\/title>\n<meta name=\"description\" content=\"A DermatoVirtual \u00e9 a \u00fanica plataforma de telemedicina especializada em dermatologia no Brasil, idealizada por m\u00e9dicas profissionais conceituadas, com mais de 20 anos de experi\u00eancia na \u00e1rea.\" \/>\n<meta name=\"robots\" content=\"index, follow, max-snippet:-1, max-image-preview:large, max-video-preview:-1\" \/>\n<link rel=\"canonical\" href=\"https:\/\/dermatovirtual.com.br\/site\/politica-cookies\/\" \/>\n<meta property=\"og:locale\" content=\"pt_BR\" \/>\n<meta property=\"og:type\" content=\"article\" \/>\n<meta property=\"og:title\" content=\"Pol\u00edtica de cookies - DermatoVirtual\" \/>\n<meta property=\"og:description\" content=\"A DermatoVirtual \u00e9 a \u00fanica plataforma de telemedicina especializada em dermatologia no Brasil, idealizada por m\u00e9dicas profissionais conceituadas, com mais de 20 anos de experi\u00eancia na \u00e1rea.\" \/>\n<meta property=\"og:url\" content=\"https:\/\/dermatovirtual.com.br\/site\/politica-cookies\/\" \/>\n<meta property=\"og:site_name\" content=\"DermatoVirtual\" \/>\n<meta property=\"article:publisher\" content=\"https:\/\/www.facebook.com\/dermatovirtual\/\" \/>\n<meta property=\"article:modified_time\" content=\"2021-10-05T15:28:35+00:00\" \/>\n<meta property=\"og:image\" content=\"https:\/\/dermatovirtual.com.br\/site\/wp-content\/uploads\/2021\/05\/facebook.jpg\" \/>\n\t<meta property=\"og:image:width\" content=\"1000\" \/>\n\t<meta property=\"og:image:height\" content=\"1000\" \/>\n\t<meta property=\"og:image:type\" content=\"image\/jpeg\" \/>\n<meta name=\"twitter:card\" content=\"summary_large_image\" \/>\n<meta name=\"twitter:label1\" content=\"Est. tempo de leitura\" \/>\n\t<meta name=\"twitter:data1\" content=\"4 minutos\" \/>\n<script type=\"application\/ld+json\" class=\"yoast-schema-graph\">{\"@context\":\"https:\/\/schema.org\",\"@graph\":[{\"@type\":\"WebPage\",\"@id\":\"https:\/\/dermatovirtual.com.br\/site\/politica-cookies\/\",\"url\":\"https:\/\/dermatovirtual.com.br\/site\/politica-cookies\/\",\"name\":\"Pol\u00edtica de cookies - DermatoVirtual\",\"isPartOf\":{\"@id\":\"https:\/\/dermatovirtual.com.br\/site\/#website\"},\"datePublished\":\"2021-04-09T15:28:44+00:00\",\"dateModified\":\"2021-10-05T15:28:35+00:00\",\"description\":\"A DermatoVirtual \u00e9 a \u00fanica plataforma de telemedicina especializada em dermatologia no Brasil, idealizada por m\u00e9dicas profissionais conceituadas, com mais de 20 anos de experi\u00eancia na \u00e1rea.\",\"breadcrumb\":{\"@id\":\"https:\/\/dermatovirtual.com.br\/site\/politica-cookies\/#breadcrumb\"},\"inLanguage\":\"pt-BR\",\"potentialAction\":[{\"@type\":\"ReadAction\",\"target\":[\"https:\/\/dermatovirtual.com.br\/site\/politica-cookies\/\"]}]},{\"@type\":\"BreadcrumbList\",\"@id\":\"https:\/\/dermatovirtual.com.br\/site\/politica-cookies\/#breadcrumb\",\"itemListElement\":[{\"@type\":\"ListItem\",\"position\":1,\"name\":\"In\u00edcio\",\"item\":\"https:\/\/dermatovirtual.com.br\/site\/\"},{\"@type\":\"ListItem\",\"position\":2,\"name\":\"Pol\u00edtica de cookies\"}]},{\"@type\":\"WebSite\",\"@id\":\"https:\/\/dermatovirtual.com.br\/site\/#website\",\"url\":\"https:\/\/dermatovirtual.com.br\/site\/\",\"name\":\"DermatoVirtual\",\"description\":\"Telemedicina\",\"publisher\":{\"@id\":\"https:\/\/dermatovirtual.com.br\/site\/#organization\"},\"potentialAction\":[{\"@type\":\"SearchAction\",\"target\":{\"@type\":\"EntryPoint\",\"urlTemplate\":\"https:\/\/dermatovirtual.com.br\/site\/?s={search_term_string}\"},\"query-input\":{\"@type\":\"PropertyValueSpecification\",\"valueRequired\":true,\"valueName\":\"search_term_string\"}}],\"inLanguage\":\"pt-BR\"},{\"@type\":\"Organization\",\"@id\":\"https:\/\/dermatovirtual.com.br\/site\/#organization\",\"name\":\"Dermato Virtual - Telemedicina\",\"url\":\"https:\/\/dermatovirtual.com.br\/site\/\",\"logo\":{\"@type\":\"ImageObject\",\"inLanguage\":\"pt-BR\",\"@id\":\"https:\/\/dermatovirtual.com.br\/site\/#\/schema\/logo\/image\/\",\"url\":\"https:\/\/dermatovirtual.com.br\/wp-content\/uploads\/2021\/05\/favicon.png\",\"contentUrl\":\"https:\/\/dermatovirtual.com.br\/wp-content\/uploads\/2021\/05\/favicon.png\",\"width\":512,\"height\":512,\"caption\":\"Dermato Virtual - Telemedicina\"},\"image\":{\"@id\":\"https:\/\/dermatovirtual.com.br\/site\/#\/schema\/logo\/image\/\"},\"sameAs\":[\"https:\/\/www.facebook.com\/dermatovirtual\/\",\"https:\/\/www.instagram.com\/dermatovirtual\/\",\"https:\/\/www.linkedin.com\/company\/dermato-virtual\/\"]}]}<\/script>\n<!-- \/ Yoast SEO plugin. -->","yoast_head_json":{"title":"Pol\u00edtica de cookies - DermatoVirtual","description":"A DermatoVirtual \u00e9 a \u00fanica plataforma de telemedicina especializada em dermatologia no Brasil, idealizada por m\u00e9dicas profissionais conceituadas, com mais de 20 anos de experi\u00eancia na \u00e1rea.","robots":{"index":"index","follow":"follow","max-snippet":"max-snippet:-1","max-image-preview":"max-image-preview:large","max-video-preview":"max-video-preview:-1"},"canonical":"https:\/\/dermatovirtual.com.br\/site\/politica-cookies\/","og_locale":"pt_BR","og_type":"article","og_title":"Pol\u00edtica de cookies - DermatoVirtual","og_description":"A DermatoVirtual \u00e9 a \u00fanica plataforma de telemedicina especializada em dermatologia no Brasil, idealizada por m\u00e9dicas profissionais conceituadas, com mais de 20 anos de experi\u00eancia na \u00e1rea.","og_url":"https:\/\/dermatovirtual.com.br\/site\/politica-cookies\/","og_site_name":"DermatoVirtual","article_publisher":"https:\/\/www.facebook.com\/dermatovirtual\/","article_modified_time":"2021-10-05T15:28:35+00:00","og_image":[{"width":1000,"height":1000,"url":"https:\/\/dermatovirtual.com.br\/site\/wp-content\/uploads\/2021\/05\/facebook.jpg","type":"image\/jpeg"}],"twitter_card":"summary_large_image","twitter_misc":{"Est. tempo de leitura":"4 minutos"},"schema":{"@context":"https:\/\/schema.org","@graph":[{"@type":"WebPage","@id":"https:\/\/dermatovirtual.com.br\/site\/politica-cookies\/","url":"https:\/\/dermatovirtual.com.br\/site\/politica-cookies\/","name":"Pol\u00edtica de cookies - DermatoVirtual","isPartOf":{"@id":"https:\/\/dermatovirtual.com.br\/site\/#website"},"datePublished":"2021-04-09T15:28:44+00:00","dateModified":"2021-10-05T15:28:35+00:00","description":"A DermatoVirtual \u00e9 a \u00fanica plataforma de telemedicina especializada em dermatologia no Brasil, idealizada por m\u00e9dicas profissionais conceituadas, com mais de 20 anos de experi\u00eancia na \u00e1rea.","breadcrumb":{"@id":"https:\/\/dermatovirtual.com.br\/site\/politica-cookies\/#breadcrumb"},"inLanguage":"pt-BR","potentialAction":[{"@type":"ReadAction","target":["https:\/\/dermatovirtual.com.br\/site\/politica-cookies\/"]}]},{"@type":"BreadcrumbList","@id":"https:\/\/dermatovirtual.com.br\/site\/politica-cookies\/#breadcrumb","itemListElement":[{"@type":"ListItem","position":1,"name":"In\u00edcio","item":"https:\/\/dermatovirtual.com.br\/site\/"},{"@type":"ListItem","position":2,"name":"Pol\u00edtica de cookies"}]},{"@type":"WebSite","@id":"https:\/\/dermatovirtual.com.br\/site\/#website","url":"https:\/\/dermatovirtual.com.br\/site\/","name":"DermatoVirtual","description":"Telemedicina","publisher":{"@id":"https:\/\/dermatovirtual.com.br\/site\/#organization"},"potentialAction":[{"@type":"SearchAction","target":{"@type":"EntryPoint","urlTemplate":"https:\/\/dermatovirtual.com.br\/site\/?s={search_term_string}"},"query-input":{"@type":"PropertyValueSpecification","valueRequired":true,"valueName":"search_term_string"}}],"inLanguage":"pt-BR"},{"@type":"Organization","@id":"https:\/\/dermatovirtual.com.br\/site\/#organization","name":"Dermato Virtual - Telemedicina","url":"https:\/\/dermatovirtual.com.br\/site\/","logo":{"@type":"ImageObject","inLanguage":"pt-BR","@id":"https:\/\/dermatovirtual.com.br\/site\/#\/schema\/logo\/image\/","url":"https:\/\/dermatovirtual.com.br\/wp-content\/uploads\/2021\/05\/favicon.png","contentUrl":"https:\/\/dermatovirtual.com.br\/wp-content\/uploads\/2021\/05\/favicon.png","width":512,"height":512,"caption":"Dermato Virtual - Telemedicina"},"image":{"@id":"https:\/\/dermatovirtual.com.br\/site\/#\/schema\/logo\/image\/"},"sameAs":["https:\/\/www.facebook.com\/dermatovirtual\/","https:\/\/www.instagram.com\/dermatovirtual\/","https:\/\/www.linkedin.com\/company\/dermato-virtual\/"]}]}},"_links":{"self":[{"href":"https:\/\/dermatovirtual.com.br\/site\/wp-json\/wp\/v2\/pages\/26","targetHints":{"allow":["GET"]}}],"collection":[{"href":"https:\/\/dermatovirtual.com.br\/site\/wp-json\/wp\/v2\/pages"}],"about":[{"href":"https:\/\/dermatovirtual.com.br\/site\/wp-json\/wp\/v2\/types\/page"}],"author":[{"embeddable":true,"href":"https:\/\/dermatovirtual.com.br\/site\/wp-json\/wp\/v2\/users\/1"}],"replies":[{"embeddable":true,"href":"https:\/\/dermatovirtual.com.br\/site\/wp-json\/wp\/v2\/comments?post=26"}],"version-history":[{"count":0,"href":"https:\/\/dermatovirtual.com.br\/site\/wp-json\/wp\/v2\/pages\/26\/revisions"}],"wp:attachment":[{"href":"https:\/\/dermatovirtual.com.br\/site\/wp-json\/wp\/v2\/media?parent=26"}],"curies":[{"name":"wp","href":"https:\/\/api.w.org\/{rel}","templated":true}]}}